{"id":10,"date":"2020-09-08T14:33:42","date_gmt":"2020-09-08T12:33:42","guid":{"rendered":"https:\/\/vinovysokepole.sk\/?page_id=10"},"modified":"2026-04-01T12:02:35","modified_gmt":"2026-04-01T10:02:35","slug":"uvod","status":"publish","type":"page","link":"https:\/\/vinovysokepole.sk\/","title":{"rendered":"\u00davod"},"content":{"rendered":"<p>[et_pb_section fb_built=&#8220;1&#8243; fullwidth=&#8220;on&#8220; _builder_version=&#8220;4.27.6&#8243; _module_preset=&#8220;default&#8220; width=&#8220;80%&#8220; width_tablet=&#8220;90%&#8220; width_phone=&#8220;90%&#8220; width_last_edited=&#8220;on|phone&#8220; module_alignment=&#8220;center&#8220; hover_enabled=&#8220;0&#8243; global_colors_info=&#8220;{}&#8220; custom_margin=&#8220;|117px||||&#8220; border_radii=&#8220;on|23px|23px|23px|23px&#8220; sticky_enabled=&#8220;0&#8243;][et_pb_fullwidth_slider _builder_version=&#8220;4.27.6&#8243; _module_preset=&#8220;default&#8220; header_font=&#8220;|700|||||||&#8220; header_font_size=&#8220;43px&#8220; header_line_height=&#8220;1.7em&#8220; body_font_size=&#8220;20px&#8220; body_line_height=&#8220;1.6em&#8220; background_enable_color=&#8220;off&#8220; background_image=&#8220;https:\/\/vinovysokepole.sk\/wp-content\/uploads\/2020\/11\/Vysoke-Pole-slide4.jpg&#8220; custom_button=&#8220;on&#8220; button_bg_color=&#8220;#910b3e&#8220; button_border_radius=&#8220;10px&#8220; button_letter_spacing=&#8220;0px&#8220; button_font=&#8220;|||on|||||&#8220; custom_padding=&#8220;306px||232px||false|false&#8220; custom_padding_tablet=&#8220;250px||250px||false|false&#8220; custom_padding_phone=&#8220;&#8220; custom_padding_last_edited=&#8220;on|desktop&#8220; auto=&#8220;on&#8220; auto_speed=&#8220;10000&#8243; auto_ignore_hover=&#8220;on&#8220; hover_enabled=&#8220;0&#8243; button_bg_color_last_edited=&#8220;off|desktop&#8220; header_text_shadow_style=&#8220;preset2&#8243; global_colors_info=&#8220;{}&#8220; button_text_color__hover_enabled=&#8220;on|hover&#8220; button_text_color__hover=&#8220;#ffffff&#8220; sticky_enabled=&#8220;0&#8243;][et_pb_slide button_link=&#8220;@ET-DC@eyJkeW5hbWljIjp0cnVlLCJjb250ZW50IjoicG9zdF9saW5rX3VybF9wYWdlIiwic2V0dGluZ3MiOnsicG9zdF9pZCI6IjE1MSJ9fQ==@&#8220; _builder_version=&#8220;4.27.6&#8243; _dynamic_attributes=&#8220;button_link&#8220; _module_preset=&#8220;default&#8220; header_text_color=&#8220;#ffffff&#8220; header_font_size=&#8220;50px&#8220; background_color=&#8220;rgba(0,0,0,0)&#8220; background_enable_color=&#8220;on&#8220; background_image=&#8220;https:\/\/vinovysokepole.sk\/wp-content\/uploads\/2026\/04\/web-foto.jpg&#8220; background_enable_image=&#8220;on&#8220; background_position=&#8220;center_right&#8220; background_blend=&#8220;overlay&#8220; hover_enabled=&#8220;0&#8243; header_font_size_tablet=&#8220;40px&#8220; header_font_size_phone=&#8220;&#8220; header_font_size_last_edited=&#8220;on|tablet&#8220; header_text_shadow_style=&#8220;preset5&#8243; global_colors_info=&#8220;{}&#8220; sticky_transition=&#8220;on&#8220; title_text=&#8220;web foto&#8220; sticky_enabled=&#8220;0&#8243;][\/et_pb_slide][et_pb_slide button_link=&#8220;@ET-DC@eyJkeW5hbWljIjp0cnVlLCJjb250ZW50IjoicG9zdF9saW5rX3VybF9wYWdlIiwic2V0dGluZ3MiOnsicG9zdF9pZCI6IjE1MSJ9fQ==@&#8220; _builder_version=&#8220;4.27.6&#8243; _dynamic_attributes=&#8220;button_link&#8220; _module_preset=&#8220;default&#8220; header_font=&#8220;|700|||||||&#8220; header_font_size=&#8220;50px&#8220; background_color=&#8220;rgba(0,0,0,0)&#8220; background_enable_color=&#8220;on&#8220; background_image=&#8220;https:\/\/vinovysokepole.sk\/wp-content\/uploads\/2026\/03\/DJI_0093-scaled.jpg&#8220; background_enable_image=&#8220;on&#8220; background_position=&#8220;center_right&#8220; background_blend=&#8220;overlay&#8220; hover_enabled=&#8220;0&#8243; header_font_size_tablet=&#8220;40px&#8220; header_font_size_phone=&#8220;&#8220; header_font_size_last_edited=&#8220;on|desktop&#8220; header_text_shadow_style=&#8220;preset5&#8243; global_colors_info=&#8220;{}&#8220; sticky_transition=&#8220;on&#8220; title_text=&#8220;DJI_0093&#8243; sticky_enabled=&#8220;0&#8243;][\/et_pb_slide][et_pb_slide button_link=&#8220;@ET-DC@eyJkeW5hbWljIjp0cnVlLCJjb250ZW50IjoicG9zdF9saW5rX3VybF9wYWdlIiwic2V0dGluZ3MiOnsicG9zdF9pZCI6IjE1MSJ9fQ==@&#8220; _builder_version=&#8220;4.27.6&#8243; _dynamic_attributes=&#8220;button_link&#8220; _module_preset=&#8220;default&#8220; header_font_size=&#8220;50px&#8220; background_color=&#8220;rgba(0,0,0,0)&#8220; background_enable_color=&#8220;on&#8220; background_image=&#8220;https:\/\/vinovysokepole.sk\/wp-content\/uploads\/2026\/04\/1G2A7787-scaled.jpg&#8220; background_enable_image=&#8220;on&#8220; background_position=&#8220;center_right&#8220; background_blend=&#8220;overlay&#8220; hover_enabled=&#8220;0&#8243; header_font_size_tablet=&#8220;40px&#8220; header_font_size_phone=&#8220;&#8220; header_font_size_last_edited=&#8220;on|tablet&#8220; header_text_shadow_style=&#8220;preset5&#8243; global_colors_info=&#8220;{}&#8220; sticky_transition=&#8220;on&#8220; border_radii_image=&#8220;on|25px|25px|25px|25px&#8220; sticky_enabled=&#8220;0&#8243; title_text=&#8220;1G2A7787&#8243;][\/et_pb_slide][et_pb_slide button_link=&#8220;@ET-DC@eyJkeW5hbWljIjp0cnVlLCJjb250ZW50IjoicG9zdF9saW5rX3VybF9wYWdlIiwic2V0dGluZ3MiOnsicG9zdF9pZCI6IjE1MSJ9fQ==@&#8220; _builder_version=&#8220;4.27.6&#8243; _dynamic_attributes=&#8220;button_link&#8220; _module_preset=&#8220;default&#8220; header_font_size=&#8220;50px&#8220; background_color=&#8220;rgba(0,0,0,0)&#8220; background_enable_color=&#8220;on&#8220; background_image=&#8220;https:\/\/vinovysokepole.sk\/wp-content\/uploads\/2026\/04\/web-2.jpg&#8220; background_enable_image=&#8220;on&#8220; background_position=&#8220;center_right&#8220; background_blend=&#8220;overlay&#8220; hover_enabled=&#8220;0&#8243; header_font_size_tablet=&#8220;40px&#8220; header_font_size_phone=&#8220;&#8220; header_font_size_last_edited=&#8220;on|tablet&#8220; header_text_shadow_style=&#8220;preset5&#8243; global_colors_info=&#8220;{}&#8220; sticky_transition=&#8220;on&#8220; title_text=&#8220;web 2&#8243; sticky_enabled=&#8220;0&#8243;][\/et_pb_slide][et_pb_slide button_link=&#8220;@ET-DC@eyJkeW5hbWljIjp0cnVlLCJjb250ZW50IjoicG9zdF9saW5rX3VybF9wYWdlIiwic2V0dGluZ3MiOnsicG9zdF9pZCI6IjE1MSJ9fQ==@&#8220; _builder_version=&#8220;4.27.6&#8243; _dynamic_attributes=&#8220;button_link&#8220; _module_preset=&#8220;default&#8220; header_font_size=&#8220;50px&#8220; background_color=&#8220;rgba(0,0,0,0)&#8220; background_enable_color=&#8220;on&#8220; background_image=&#8220;https:\/\/vinovysokepole.sk\/wp-content\/uploads\/2026\/04\/web-3.jpg&#8220; background_enable_image=&#8220;on&#8220; background_position=&#8220;center_right&#8220; background_blend=&#8220;overlay&#8220; hover_enabled=&#8220;0&#8243; header_font_size_tablet=&#8220;40px&#8220; header_font_size_phone=&#8220;&#8220; header_font_size_last_edited=&#8220;on|tablet&#8220; header_text_shadow_style=&#8220;preset5&#8243; global_colors_info=&#8220;{}&#8220; sticky_transition=&#8220;on&#8220; title_text=&#8220;web 3&#8243; sticky_enabled=&#8220;0&#8243;][\/et_pb_slide][\/et_pb_fullwidth_slider][\/et_pb_section][et_pb_section fb_built=&#8220;1&#8243; _builder_version=&#8220;4.16&#8243; _module_preset=&#8220;default&#8220; custom_padding=&#8220;3px|||||&#8220; global_colors_info=&#8220;{}&#8220;][et_pb_row _builder_version=&#8220;4.16&#8243; _module_preset=&#8220;default&#8220; custom_padding=&#8220;50px|||||&#8220; global_colors_info=&#8220;{}&#8220; min_height=&#8220;240.7px&#8220;][et_pb_column type=&#8220;4_4&#8243; _builder_version=&#8220;4.16&#8243; _module_preset=&#8220;default&#8220; global_colors_info=&#8220;{}&#8220;][et_pb_text _builder_version=&#8220;4.16&#8243; _module_preset=&#8220;default&#8220; header_font=&#8220;||||||||&#8220; header_font_size=&#8220;40px&#8220; header_line_height=&#8220;1.4em&#8220; custom_padding=&#8220;0px||15px||false|false&#8220; header_font_size_tablet=&#8220;35px&#8220; header_font_size_phone=&#8220;31px&#8220; header_font_size_last_edited=&#8220;on|tablet&#8220; global_colors_info=&#8220;{}&#8220;]<\/p>\n<h1 style=\"text-align: center;\">Rodinn\u00e9 vin\u00e1rstvo Vysok\u00e9 Pole v&nbsp;Skalici<\/h1>\n<p>[\/et_pb_text][et_pb_button button_url=&#8220;@ET-DC@eyJkeW5hbWljIjp0cnVlLCJjb250ZW50IjoicG9zdF9saW5rX3VybF9wYWdlIiwic2V0dGluZ3MiOnsicG9zdF9pZCI6IjgxIn19@&#8220; button_text=&#8220;Vyberte si z ponuky na\u0161ich v\u00edn&#8220; button_alignment=&#8220;center&#8220; _builder_version=&#8220;4.16&#8243; _dynamic_attributes=&#8220;button_url&#8220; _module_preset=&#8220;default&#8220; global_colors_info=&#8220;{}&#8220; min_height=&#8220;90px&#8220; custom_margin=&#8220;-29px|||||&#8220;][\/et_pb_button][\/et_pb_column][\/et_pb_row][\/et_pb_section]<\/p>\n","protected":false},"excerpt":{"rendered":"<p>Rodinn\u00e9 vin\u00e1rstvo Vysok\u00e9 Pole v&nbsp;Skalici<\/p>\n","protected":false},"author":1,"featured_media":0,"parent":0,"menu_order":0,"comment_status":"closed","ping_status":"closed","template":"","meta":{"_et_pb_use_builder":"on","_et_pb_old_content":"","_et_gb_content_width":"","footnotes":""},"class_list":["post-10","page","type-page","status-publish","hentry"],"_links":{"self":[{"href":"https:\/\/vinovysokepole.sk\/index.php?rest_route=\/wp\/v2\/pages\/10","targetHints":{"allow":["GET"]}}],"collection":[{"href":"https:\/\/vinovysokepole.sk\/index.php?rest_route=\/wp\/v2\/pages"}],"about":[{"href":"https:\/\/vinovysokepole.sk\/index.php?rest_route=\/wp\/v2\/types\/page"}],"author":[{"embeddable":true,"href":"https:\/\/vinovysokepole.sk\/index.php?rest_route=\/wp\/v2\/users\/1"}],"replies":[{"embeddable":true,"href":"https:\/\/vinovysokepole.sk\/index.php?rest_route=%2Fwp%2Fv2%2Fcomments&post=10"}],"version-history":[{"count":5,"href":"https:\/\/vinovysokepole.sk\/index.php?rest_route=\/wp\/v2\/pages\/10\/revisions"}],"predecessor-version":[{"id":1268,"href":"https:\/\/vinovysokepole.sk\/index.php?rest_route=\/wp\/v2\/pages\/10\/revisions\/1268"}],"wp:attachment":[{"href":"https:\/\/vinovysokepole.sk\/index.php?rest_route=%2Fwp%2Fv2%2Fmedia&parent=10"}],"curies":[{"name":"wp","href":"https:\/\/api.w.org\/{rel}","templated":true}]}}