{"id":3,"date":"2020-09-08T13:49:47","date_gmt":"2020-09-08T11:49:47","guid":{"rendered":"https:\/\/vinovysokepole.sk\/?page_id=3"},"modified":"2025-02-06T12:07:24","modified_gmt":"2025-02-06T11:07:24","slug":"ochrana-osobnych-udajov","status":"publish","type":"page","link":"https:\/\/vinovysokepole.sk\/?page_id=3","title":{"rendered":"Ochrana osobn\u00fdch \u00fadajov"},"content":{"rendered":"<p>[et_pb_section fb_built=&#8220;1&#8243; admin_label=&#8220;section&#8220; _builder_version=&#8220;4.16&#8243; global_colors_info=&#8220;{}&#8220;][et_pb_row admin_label=&#8220;row&#8220; _builder_version=&#8220;4.16&#8243; background_size=&#8220;initial&#8220; background_position=&#8220;top_left&#8220; background_repeat=&#8220;repeat&#8220; global_colors_info=&#8220;{}&#8220;][et_pb_column type=&#8220;4_4&#8243; _builder_version=&#8220;4.16&#8243; custom_padding=&#8220;|||&#8220; global_colors_info=&#8220;{}&#8220; custom_padding__hover=&#8220;|||&#8220;][et_pb_text admin_label=&#8220;Text&#8220; _builder_version=&#8220;4.16&#8243; background_size=&#8220;initial&#8220; background_position=&#8220;top_left&#8220; background_repeat=&#8220;repeat&#8220; global_colors_info=&#8220;{}&#8220;]<\/p>\n<h3>\u00a0<\/h3>\n<ol>\n<li>Osobn\u00e9 \u00fadaje s\u00fa sprac\u00favan\u00e9 v&nbsp;s\u00falade so z\u00e1konom \u010d.&nbsp;18\/2018 Z. z. o&nbsp;ochrane osobn\u00fdch \u00fadajov v&nbsp;znen\u00ed neskor\u0161\u00edch predpisov.<\/li>\n<li>Prev\u00e1dzkovate\u013e e-shopu neposkytuje osobn\u00e9 \u00fadaje kupuj\u00faceho tretej osobe, okrem zvolenej prepravnej spolo\u010dnosti, ktor\u00e1 zabezpe\u010duje doru\u010denie tovaru alebo slu\u017eieb, alebo \u0161t\u00e1tnym org\u00e1nom v&nbsp;pr\u00edpade kontroly, pr\u00edpadne sprostredkovate\u013eovi a&nbsp;to na z\u00e1klade vz\u00e1jomnej zmluvy uzatvorenej pod\u013ea Z\u00e1kona \u010d.&nbsp;18\/2018 Z.z.<\/li>\n<li>Prev\u00e1dzkovate\u013e je povinn\u00fd zabezpe\u010di\u0165 osobn\u00e9 \u00fadaje pred ich spr\u00edstupnen\u00edm neopr\u00e1vnen\u00fdm osob\u00e1m, prijat\u00edm vhodn\u00fdch technick\u00fdch a&nbsp;organiza\u010dn\u00fdch opatren\u00ed. Taktie\u017e v\u0161etci zamestnanci prev\u00e1dzkovate\u013ea s\u00fa povinn\u00ed dodr\u017eiava\u0165 ml\u010danlivos\u0165 vo vz\u0165ahu k&nbsp;osobn\u00fdm \u00fadajom.<\/li>\n<li>Dotknut\u00e1 osoba m\u00e1 pr\u00e1va vymedzen\u00e9 v&nbsp;zmysle ust. \u00a7 19 a&nbsp;nasl. Z\u00e1kona \u010d.&nbsp;18\/2018 Z.z. o&nbsp;ochrane osobn\u00fdch \u00fadajov v&nbsp;znen\u00ed platn\u00fdch noviel a&nbsp;to konkr\u00e9tne:\n<ol>\n<li>pr\u00e1vo na inform\u00e1cie, ktor\u00e9 je naplnen\u00e9 t\u00fdmto obsahom a&nbsp;<a href=\"https:\/\/vinovysokepole.sk\/obchodne-podmienky\/\">obchodn\u00fdmi podmienkami<\/a>,<\/li>\n<li>pr\u00e1vo po\u017eadova\u0165 pr\u00edstup k&nbsp;osobn\u00fdm \u00fadajom t\u00fdkaj\u00facich sa dotknutej osoby \u2013 \u00a7 21 Z\u00e1kona spo\u010d\u00edva vo va\u0161om pr\u00e1ve do\u017eadova\u0165 sa ak\u00fdm sp\u00f4sobom a&nbsp;na ak\u00e9 \u00fa\u010dely s\u00fa va\u0161e \u00fadaje spracov\u00e1van\u00e9, pri\u010dom t\u00fato po\u017eiadavku m\u00f4\u017eete adresova\u0165 na kontaktn\u00fd e-mail,<\/li>\n<li>pr\u00e1vo na opravu osobn\u00fdch \u00fadajov \u2013 \u00a7 22 Z\u00e1kona v\u00e1m umo\u017e\u0148uje opravi\u0165 osobn\u00e9 \u00fadaje, ak s\u00fa neaktu\u00e1lne,<\/li>\n<li>pr\u00e1vo na vymazanie osobn\u00fdch \u00fadajov \u2013 \u00a7 23 Z\u00e1kona vyu\u017eijete v&nbsp;pr\u00edpade, ak nem\u00e1te z\u00e1ujem, aby prev\u00e1dzkovate\u013e \u010falej sprac\u00faval osobn\u00e9 \u00fadaje,<\/li>\n<li>pr\u00e1vo na obmedzenie sprac\u00favania osobn\u00fdch \u00fadajov \u2013 \u00a7 24 Z\u00e1kona uplatn\u00edte v&nbsp;pr\u00edpade, ak sa domnievate, \u017ee osobn\u00e9 \u00fadaje boli spracov\u00e1van\u00e9 v&nbsp;rozpore so z\u00e1konom,<\/li>\n<li>pr\u00e1vo namieta\u0165 spracovanie osobn\u00fdch \u00fadajov \u2013 \u00a7 27 Z\u00e1kona,<\/li>\n<li>pr\u00e1vo na prenosnos\u0165 osobn\u00fdch \u00fadajov,<\/li>\n<li>pr\u00e1vo poda\u0165 podnet na dozorn\u00fd org\u00e1n vo vz\u0165ahu k&nbsp;spracov\u00e1van\u00fdm osobn\u00fdm \u00fadajom.<\/li>\n<\/ol>\n<\/li>\n<li>Prev\u00e1dzkovate\u013e od kupuj\u00faceho z\u00edskava nasledovn\u00e9 osobn\u00e9 \u00fadaje: meno, priezvisko, adresa, adresa na doru\u010denie, faktura\u010dn\u00e1 adresa, telef\u00f3nne \u010d\u00edslo, e-mailov\u00e1 adresa, ktor\u00e9 s\u00fa spracov\u00e1van\u00e9 za \u00fa\u010delom korektn\u00e9ho vybavenia va\u0161ej objedn\u00e1vky. Tieto osobn\u00e9 \u00fadaje s\u00fa uchov\u00e1van\u00e9 po&nbsp;dobu 10 rokov pre \u00fa\u010dely archiv\u00e1cie. V&nbsp;r\u00e1mci vybavenia objedn\u00e1vky doch\u00e1dza k&nbsp;spracov\u00e1vaniu osobn\u00fdch \u00fadajov za \u00fa\u010delom vystavenia fakt\u00far, vystavenia skladov\u00fdch (dodac\u00edch) listov, zabezpe\u010denia dopravy ako aj \u00fa\u010dtovania v&nbsp;\u00fa\u010dtovn\u00edctve.<\/li>\n<li>Sprac\u00favanie poskytnut\u00fdch osobn\u00fdch \u00fadajov m\u00f4\u017ee prev\u00e1dzkovate\u013e vykon\u00e1va\u0165 aj prostredn\u00edctvom \u010fal\u0161ieho sprostredkovate\u013ea. Je n\u00edm najm\u00e4 osoba zabezpe\u010duj\u00faca rozposielanie hromadnej emailovej po\u0161ty, alebo po\u0161tov\u00e1 \u010di&nbsp;kuri\u00e9rska spolo\u010dnos\u0165 zabezpe\u010duj\u00faca preposielanie po\u0161tov\u00fdch z\u00e1sielok.<\/li>\n<li>Tieto str\u00e1nky m\u00f4\u017eu v&nbsp;ur\u010dit\u00fdch situ\u00e1ci\u00e1ch zaznamen\u00e1va\u0165 va\u0161e osobn\u00e9 \u00fadaje v&nbsp;rozsahu vyplnen\u00e9ho formul\u00e1ra na objedn\u00e1vanie tovaru \u2013 meno, priezvisko, adresa, email, telef\u00f3nne \u010d\u00edslo. Cookies s\u00fa textov\u00e9 s\u00fabory, ktor\u00e9 s\u00fa ukladan\u00e9 vo va\u0161om po\u010d\u00edta\u010di a&nbsp;pou\u017e\u00edvaj\u00fa sa aj na meranie n\u00e1v\u0161tevnosti str\u00e1nky a&nbsp;prisp\u00f4sobenie zobrazenia str\u00e1nok a&nbsp;v\u010faka t\u00fdmto s\u00faborom v\u00e1m dok\u00e1\u017eeme pon\u00faknu\u0165 funk\u010dn\u00e9 a&nbsp;kvalitn\u00e9 slu\u017eby. Preto tieto s\u00fabory vn\u00edmame ako n\u00e1\u0161 opr\u00e1vnen\u00fd z\u00e1ujem. Niektor\u00e9 s\u00fabory cookies s\u00fa s\u00fabormi tret\u00edch str\u00e1n, napr. Google, Facebook a&nbsp;podobne. S\u00fabory cookies si m\u00f4\u017eete kedyko\u013evek vymaza\u0165 alebo ich zbieranie nastavi\u0165 priamo v&nbsp;nastaveniach internetov\u00e9ho prehliada\u010da. Ak chcete odmietnu\u0165 zbieranie s\u00faborov cookies, nastavte si to vo svojom internetovom prehliada\u010di.<\/li>\n<li>Ak kupuj\u00faci s\u00fahlasil so spracovan\u00edm osobn\u00fdch \u00fadajov v&nbsp;e-shope na \u00fa\u010dely e-mailov\u00e9ho marketingu, s\u00fahlasil so zasielan\u00edm e-mailov\u00fdch spr\u00e1v na kontaktn\u00fa e-mailov\u00fa adresu.<\/li>\n<li>Osobn\u00e9 \u00fadaje pre e-mailov\u00e9 marketingov\u00e9 \u00fa\u010dely v&nbsp;rozsahu meno a&nbsp;priezvisko, e-mailov\u00e1 adresa s\u00fa poskytnut\u00e9 na dobu desiatich rokov od \u010dasu poslednej objedn\u00e1vky. Tieto osobn\u00e9 \u00fadaje nie s\u00fa poskytovan\u00e9 tret\u00edm stran\u00e1m. Svoj s\u00fahlas m\u00f4\u017ee kupuj\u00faci kedyko\u013evek odvola\u0165 zaslan\u00edm Odvolania so spracovan\u00edm osobn\u00fdch \u00fadajov. Odhl\u00e1senie je mo\u017en\u00e9 aj prostredn\u00edctvom od\u0161krtnutia pol\u00ed\u010dka v&nbsp;u\u017e\u00edvate\u013eskom \u00fa\u010dte pou\u017e\u00edvate\u013ea (ak kupuj\u00faci po\u017eiadal o&nbsp;vytvorenie u\u017e\u00edvate\u013esk\u00e9ho \u00fa\u010dtu) alebo kliknut\u00edm na odkaz, ktor\u00fd sa nach\u00e1dza v&nbsp;ka\u017edom odoslanom marketingovom e-maile.<\/li>\n<\/ol>\n<p>[\/et_pb_text][\/et_pb_column][\/et_pb_row][\/et_pb_section]<\/p>\n","protected":false},"excerpt":{"rendered":"<p>\u00a0 Osobn\u00e9 \u00fadaje s\u00fa sprac\u00favan\u00e9 v&nbsp;s\u00falade so z\u00e1konom \u010d.&nbsp;18\/2018 Z. z. o&nbsp;ochrane osobn\u00fdch \u00fadajov v&nbsp;znen\u00ed neskor\u0161\u00edch predpisov. Prev\u00e1dzkovate\u013e e-shopu neposkytuje osobn\u00e9 \u00fadaje kupuj\u00faceho tretej osobe, okrem zvolenej prepravnej spolo\u010dnosti, ktor\u00e1 zabezpe\u010duje doru\u010denie tovaru alebo slu\u017eieb, alebo \u0161t\u00e1tnym org\u00e1nom v&nbsp;pr\u00edpade kontroly, pr\u00edpadne sprostredkovate\u013eovi a&nbsp;to na z\u00e1klade vz\u00e1jomnej zmluvy uzatvorenej pod\u013ea [&hellip;]<\/p>\n","protected":false},"author":1,"featured_media":0,"parent":0,"menu_order":0,"comment_status":"closed","ping_status":"open","template":"","meta":{"_et_pb_use_builder":"on","_et_pb_old_content":"<h3>\u00a0<\/h3>\n<ol>\n<li>Osobn\u00e9 \u00fadaje s\u00fa sprac\u00favan\u00e9 v s\u00falade so z\u00e1konom \u010d. 18\/2018 Z. z. o ochrane osobn\u00fdch \u00fadajov v znen\u00ed neskor\u0161\u00edch predpisov.<\/li>\n<li>Prev\u00e1dzkovate\u013e e-shopu neposkytuje osobn\u00e9 \u00fadaje kupuj\u00faceho tretej osobe, okrem zvolenej prepravnej spolo\u010dnosti, ktor\u00e1 zabezpe\u010duje doru\u010denie tovaru alebo slu\u017eieb, alebo \u0161t\u00e1tnym org\u00e1nom v pr\u00edpade kontroly, pr\u00edpadne sprostredkovate\u013eovi a to na z\u00e1klade vz\u00e1jomnej zmluvy uzatvorenej pod\u013ea Z\u00e1kona \u010d. 18\/2018 Z.z.<\/li>\n<li>Prev\u00e1dzkovate\u013e je povinn\u00fd zabezpe\u010di\u0165 osobn\u00e9 \u00fadaje pred ich spr\u00edstupnen\u00edm neopr\u00e1vnen\u00fdm osob\u00e1m, prijat\u00edm vhodn\u00fdch technick\u00fdch a organiza\u010dn\u00fdch opatren\u00ed. Taktie\u017e v\u0161etci zamestnanci prev\u00e1dzkovate\u013ea s\u00fa povinn\u00ed dodr\u017eiava\u0165 ml\u010danlivos\u0165 vo vz\u0165ahu k osobn\u00fdm \u00fadajom.<\/li>\n<li>Dotknut\u00e1 osoba m\u00e1 pr\u00e1va vymedzen\u00e9 v zmysle ust. \u00a7 19 a nasl. Z\u00e1kona \u010d. 18\/2018 Z.z. o ochrane osobn\u00fdch \u00fadajov v znen\u00ed platn\u00fdch noviel a to konkr\u00e9tne:\n<ol>\n<li>pr\u00e1vo na inform\u00e1cie, ktor\u00e9 je naplnen\u00e9 t\u00fdmto obsahom a <a href=\"https:\/\/vinovysokepole.sk\/obchodne-podmienky\/\">obchodn\u00fdmi podmienkami<\/a>,<\/li>\n<li>pr\u00e1vo po\u017eadova\u0165 pr\u00edstup k osobn\u00fdm \u00fadajom t\u00fdkaj\u00facich sa dotknutej osoby \u2013 \u00a7 21 Z\u00e1kona spo\u010d\u00edva vo va\u0161om pr\u00e1ve do\u017eadova\u0165 sa ak\u00fdm sp\u00f4sobom a na ak\u00e9 \u00fa\u010dely s\u00fa va\u0161e \u00fadaje spracov\u00e1van\u00e9, pri\u010dom t\u00fato po\u017eiadavku m\u00f4\u017eete adresova\u0165 na kontaktn\u00fd e-mail,<\/li>\n<li>pr\u00e1vo na opravu osobn\u00fdch \u00fadajov \u2013 \u00a7 22 Z\u00e1kona v\u00e1m umo\u017e\u0148uje opravi\u0165 osobn\u00e9 \u00fadaje, ak s\u00fa neaktu\u00e1lne,<\/li>\n<li>pr\u00e1vo na vymazanie osobn\u00fdch \u00fadajov \u2013 \u00a7 23 Z\u00e1kona vyu\u017eijete v pr\u00edpade, ak nem\u00e1te z\u00e1ujem, aby prev\u00e1dzkovate\u013e \u010falej sprac\u00faval osobn\u00e9 \u00fadaje,<\/li>\n<li>pr\u00e1vo na obmedzenie sprac\u00favania osobn\u00fdch \u00fadajov \u2013 \u00a7 24 Z\u00e1kona uplatn\u00edte v pr\u00edpade, ak sa domnievate, \u017ee osobn\u00e9 \u00fadaje boli spracov\u00e1van\u00e9 v rozpore so z\u00e1konom,<\/li>\n<li>pr\u00e1vo namieta\u0165 spracovanie osobn\u00fdch \u00fadajov \u2013 \u00a7 27 Z\u00e1kona,<\/li>\n<li>pr\u00e1vo na prenosnos\u0165 osobn\u00fdch \u00fadajov,<\/li>\n<li>pr\u00e1vo poda\u0165 podnet na dozorn\u00fd org\u00e1n vo vz\u0165ahu k spracov\u00e1van\u00fdm osobn\u00fdm \u00fadajom.<\/li>\n<\/ol>\n<\/li>\n<li>Prev\u00e1dzkovate\u013e od kupuj\u00faceho z\u00edskava nasledovn\u00e9 osobn\u00e9 \u00fadaje: meno, priezvisko, adresa, adresa na doru\u010denie, faktura\u010dn\u00e1 adresa, telef\u00f3nne \u010d\u00edslo, e-mailov\u00e1 adresa, ktor\u00e9 s\u00fa spracov\u00e1van\u00e9 za \u00fa\u010delom korektn\u00e9ho vybavenia va\u0161ej objedn\u00e1vky. Tieto osobn\u00e9 \u00fadaje s\u00fa uchov\u00e1van\u00e9 po dobu 10 rokov pre \u00fa\u010dely archiv\u00e1cie. V r\u00e1mci vybavenia objedn\u00e1vky doch\u00e1dza k spracov\u00e1vaniu osobn\u00fdch \u00fadajov za \u00fa\u010delom vystavenia fakt\u00far, vystavenia skladov\u00fdch (dodac\u00edch) listov, zabezpe\u010denia dopravy ako aj \u00fa\u010dtovania v \u00fa\u010dtovn\u00edctve.<\/li>\n<li>Sprac\u00favanie poskytnut\u00fdch osobn\u00fdch \u00fadajov m\u00f4\u017ee prev\u00e1dzkovate\u013e vykon\u00e1va\u0165 aj prostredn\u00edctvom \u010fal\u0161ieho sprostredkovate\u013ea. Je n\u00edm najm\u00e4 osoba zabezpe\u010duj\u00faca rozposielanie hromadnej emailovej po\u0161ty, alebo po\u0161tov\u00e1 \u010di kuri\u00e9rska spolo\u010dnos\u0165 zabezpe\u010duj\u00faca preposielanie po\u0161tov\u00fdch z\u00e1sielok.<\/li>\n<li>Tieto str\u00e1nky m\u00f4\u017eu v ur\u010dit\u00fdch situ\u00e1ci\u00e1ch zaznamen\u00e1va\u0165 va\u0161e osobn\u00e9 \u00fadaje v rozsahu vyplnen\u00e9ho formul\u00e1ra na objedn\u00e1vanie tovaru \u2013 meno, priezvisko, adresa, email, telef\u00f3nne \u010d\u00edslo. Cookies s\u00fa textov\u00e9 s\u00fabory, ktor\u00e9 s\u00fa ukladan\u00e9 vo va\u0161om po\u010d\u00edta\u010di a pou\u017e\u00edvaj\u00fa sa aj na meranie n\u00e1v\u0161tevnosti str\u00e1nky a prisp\u00f4sobenie zobrazenia str\u00e1nok a v\u010faka t\u00fdmto s\u00faborom v\u00e1m dok\u00e1\u017eeme pon\u00faknu\u0165 funk\u010dn\u00e9 a kvalitn\u00e9 slu\u017eby. Preto tieto s\u00fabory vn\u00edmame ako n\u00e1\u0161 opr\u00e1vnen\u00fd z\u00e1ujem. Niektor\u00e9 s\u00fabory cookies s\u00fa s\u00fabormi tret\u00edch str\u00e1n, napr. Google, Facebook a podobne. S\u00fabory cookies si m\u00f4\u017eete kedyko\u013evek vymaza\u0165 alebo ich zbieranie nastavi\u0165 priamo v nastaveniach internetov\u00e9ho prehliada\u010da. Ak chcete odmietnu\u0165 zbieranie s\u00faborov cookies, nastavte si to vo svojom internetovom prehliada\u010di.<\/li>\n<li>Ak kupuj\u00faci s\u00fahlasil so spracovan\u00edm osobn\u00fdch \u00fadajov v e-shope na \u00fa\u010dely e-mailov\u00e9ho marketingu, s\u00fahlasil so zasielan\u00edm e-mailov\u00fdch spr\u00e1v na kontaktn\u00fa e-mailov\u00fa adresu.<\/li>\n<li>Osobn\u00e9 \u00fadaje pre e-mailov\u00e9 marketingov\u00e9 \u00fa\u010dely v rozsahu meno a priezvisko, e-mailov\u00e1 adresa s\u00fa poskytnut\u00e9 na dobu desiatich rokov od \u010dasu poslednej objedn\u00e1vky. Tieto osobn\u00e9 \u00fadaje nie s\u00fa poskytovan\u00e9 tret\u00edm stran\u00e1m. Svoj s\u00fahlas m\u00f4\u017ee kupuj\u00faci kedyko\u013evek odvola\u0165 zaslan\u00edm Odvolania so spracovan\u00edm osobn\u00fdch \u00fadajov. Odhl\u00e1senie je mo\u017en\u00e9 aj prostredn\u00edctvom od\u0161krtnutia pol\u00ed\u010dka v u\u017e\u00edvate\u013eskom \u00fa\u010dte pou\u017e\u00edvate\u013ea (ak kupuj\u00faci po\u017eiadal o vytvorenie u\u017e\u00edvate\u013esk\u00e9ho \u00fa\u010dtu) alebo kliknut\u00edm na odkaz, ktor\u00fd sa nach\u00e1dza v ka\u017edom odoslanom marketingovom e-maile.<\/li>\n<\/ol>\n\n<!-- wp:paragraph -->\n<p><\/p>\n<!-- \/wp:paragraph -->","_et_gb_content_width":"1080","footnotes":""},"class_list":["post-3","page","type-page","status-publish","hentry"],"_links":{"self":[{"href":"https:\/\/vinovysokepole.sk\/index.php?rest_route=\/wp\/v2\/pages\/3","targetHints":{"allow":["GET"]}}],"collection":[{"href":"https:\/\/vinovysokepole.sk\/index.php?rest_route=\/wp\/v2\/pages"}],"about":[{"href":"https:\/\/vinovysokepole.sk\/index.php?rest_route=\/wp\/v2\/types\/page"}],"author":[{"embeddable":true,"href":"https:\/\/vinovysokepole.sk\/index.php?rest_route=\/wp\/v2\/users\/1"}],"replies":[{"embeddable":true,"href":"https:\/\/vinovysokepole.sk\/index.php?rest_route=%2Fwp%2Fv2%2Fcomments&post=3"}],"version-history":[{"count":2,"href":"https:\/\/vinovysokepole.sk\/index.php?rest_route=\/wp\/v2\/pages\/3\/revisions"}],"predecessor-version":[{"id":1179,"href":"https:\/\/vinovysokepole.sk\/index.php?rest_route=\/wp\/v2\/pages\/3\/revisions\/1179"}],"wp:attachment":[{"href":"https:\/\/vinovysokepole.sk\/index.php?rest_route=%2Fwp%2Fv2%2Fmedia&parent=3"}],"curies":[{"name":"wp","href":"https:\/\/api.w.org\/{rel}","templated":true}]}}