{"id":741,"date":"2020-11-02T14:45:37","date_gmt":"2020-11-02T13:45:37","guid":{"rendered":"https:\/\/vinovysokepole.sk?page_id=741"},"modified":"2026-04-01T12:17:05","modified_gmt":"2026-04-01T10:17:05","slug":"o-nas","status":"publish","type":"page","link":"https:\/\/vinovysokepole.sk\/?page_id=741","title":{"rendered":"O n\u00e1s"},"content":{"rendered":"<p>[et_pb_section fb_built=&#8220;1&#8243; _builder_version=&#8220;4.16&#8243; _module_preset=&#8220;default&#8220; global_colors_info=&#8220;{}&#8220;][et_pb_row column_structure=&#8220;1_2,1_2&#8243; _builder_version=&#8220;4.16&#8243; _module_preset=&#8220;default&#8220; global_colors_info=&#8220;{}&#8220; custom_padding=&#8220;72px|||||&#8220; min_height=&#8220;421px&#8220;][et_pb_column type=&#8220;1_2&#8243; _builder_version=&#8220;4.16&#8243; _module_preset=&#8220;default&#8220; global_colors_info=&#8220;{}&#8220;][et_pb_text _builder_version=&#8220;4.16&#8243; _module_preset=&#8220;default&#8220; text_font_size=&#8220;18px&#8220; global_colors_info=&#8220;{}&#8220; custom_padding=&#8220;1px|||||&#8220;]<\/p>\n<h1 style=\"text-align: justify;\"><\/h1>\n<h1 style=\"text-align: justify;\">O n\u00e1s<\/h1>\n<p style=\"text-align: justify;\">\n<p class=\"isSelectedEnd\"><span>Na\u0161e vin\u00e1rstvo, vin\u00e1rstvo rodiny Gajdov\u00fdch vyr\u00e1stlo v&nbsp;skalickej lokalite Vysok\u00e9 pole, kde sa za\u010dal jeho pr\u00edbeh.<\/span><\/p>\n<p class=\"isSelectedEnd\"><span>Tu sa desa\u0165ro\u010dia star\u00e1me o&nbsp;10 hekt\u00e1rov vinohradov, ktor\u00e9 patria k&nbsp;najstar\u0161\u00edm plodiacim v\u00fdsadb\u00e1m v&nbsp;Skalici.<\/span><\/p>\n<p><span>Na \u010dasti t\u00fdchto vinohradov dodnes rast\u00fa vz\u00e1cne, viac ne\u017e\u00a0 <\/span><span>70-ro\u010dn\u00e9 kry Frankovky modrej. Frankovka tvor\u00ed z\u00e1klad n\u00e1\u0161ho sortimentu a&nbsp;je hlavn\u00e1 s\u00fa\u010das\u0165 vych\u00fdren\u00e9ho cuv\u00e9e Skalick\u00fd rub\u00edn.<\/span><\/p>\n<p>[\/et_pb_text][\/et_pb_column][et_pb_column type=&#8220;1_2&#8243; _builder_version=&#8220;4.16&#8243; _module_preset=&#8220;default&#8220; global_colors_info=&#8220;{}&#8220;][et_pb_image src=&#8220;https:\/\/vinovysokepole.sk\/wp-content\/uploads\/2026\/04\/web-foto.jpg&#8220; alt=&#8220;Vysok\u00e9 pole &#8211; pivnica&#8220; title_text=&#8220;web foto&#8220; _builder_version=&#8220;4.27.6&#8243; _module_preset=&#8220;default&#8220; hover_enabled=&#8220;0&#8243; global_colors_info=&#8220;{}&#8220; border_radii=&#8220;on|20px|20px|20px|20px&#8220; sticky_enabled=&#8220;0&#8243;][\/et_pb_image][\/et_pb_column][\/et_pb_row][et_pb_row column_structure=&#8220;1_2,1_2&#8243; _builder_version=&#8220;4.16&#8243; _module_preset=&#8220;default&#8220; global_colors_info=&#8220;{}&#8220;][et_pb_column type=&#8220;1_2&#8243; _builder_version=&#8220;4.16&#8243; _module_preset=&#8220;default&#8220; global_colors_info=&#8220;{}&#8220;][et_pb_image src=&#8220;https:\/\/vinovysokepole.sk\/wp-content\/uploads\/2026\/03\/DJI_0093-scaled.jpg&#8220; alt=&#8220;Ing. J\u00e1n Gajda&#8220; title_text=&#8220;DJI_0093&#8243; _builder_version=&#8220;4.27.6&#8243; _module_preset=&#8220;default&#8220; hover_enabled=&#8220;0&#8243; global_colors_info=&#8220;{}&#8220; border_radii=&#8220;on|20px|20px|20px|20px&#8220; sticky_enabled=&#8220;0&#8243;][\/et_pb_image][\/et_pb_column][et_pb_column type=&#8220;1_2&#8243; _builder_version=&#8220;4.16&#8243; _module_preset=&#8220;default&#8220; global_colors_info=&#8220;{}&#8220;][et_pb_text _builder_version=&#8220;4.16&#8243; _module_preset=&#8220;default&#8220; text_font_size=&#8220;18px&#8220; global_colors_info=&#8220;{}&#8220;]<\/p>\n<p style=\"text-align: justify;\">\n<p style=\"text-align: justify;\">\u010ealej pestujeme odrody, Sv\u00e4tovavrineck\u00e9, Modr\u00fd Portugal a&nbsp;slovensk\u00e9 novo\u0161\u013eachtence Nitriu a&nbsp;Rimavu.<\/p>\n<p style=\"text-align: justify;\">Z bielych odr\u00f4d je to Dev\u00edn, Chardonnay, M\u00fcller Thurgau, Veltl\u00ednske zelen\u00e9 a&nbsp;Rizling vla\u0161sk\u00fd a&nbsp;Sauvignon.<\/p>\n<p style=\"text-align: justify;\">Pri v\u00fdrobe na\u0161ich v\u00edn sa sna\u017e\u00edme o&nbsp;\u010do&nbsp;naj\u0161etrnej\u0161\u00ed pr\u00edstup a&nbsp;v\u0161etky \u010derven\u00e9 v\u00edna zrej\u00fa a\u017e 3 roky v&nbsp;dreven\u00fdch sudoch.<\/p>\n<p style=\"text-align: justify;\">V\u0161etky na\u0161e v\u00edna s\u00fa z&nbsp;n\u00e1\u0161ho vinohradu, v\u0161etky s\u00fa z&nbsp;Vysok\u00e9ho po\u013ea\u2026<\/p>\n<p>[\/et_pb_text][\/et_pb_column][\/et_pb_row][\/et_pb_section]<\/p>\n","protected":false},"excerpt":{"rendered":"<p>O n\u00e1s Na\u0161e vin\u00e1rstvo, vin\u00e1rstvo rodiny Gajdov\u00fdch vyr\u00e1stlo v&nbsp;skalickej lokalite Vysok\u00e9 pole, kde sa za\u010dal jeho pr\u00edbeh. Tu sa desa\u0165ro\u010dia star\u00e1me o&nbsp;10 hekt\u00e1rov vinohradov, ktor\u00e9 patria k&nbsp;najstar\u0161\u00edm plodiacim v\u00fdsadb\u00e1m v&nbsp;Skalici. Na \u010dasti t\u00fdchto vinohradov dodnes rast\u00fa vz\u00e1cne, viac ne\u017e\u00a0 70-ro\u010dn\u00e9 kry Frankovky modrej. Frankovka tvor\u00ed z\u00e1klad n\u00e1\u0161ho sortimentu a&nbsp;je hlavn\u00e1 [&hellip;]<\/p>\n","protected":false},"author":1,"featured_media":0,"parent":0,"menu_order":0,"comment_status":"closed","ping_status":"closed","template":"","meta":{"_et_pb_use_builder":"on","_et_pb_old_content":"","_et_gb_content_width":"","footnotes":""},"class_list":["post-741","page","type-page","status-publish","hentry"],"_links":{"self":[{"href":"https:\/\/vinovysokepole.sk\/index.php?rest_route=\/wp\/v2\/pages\/741","targetHints":{"allow":["GET"]}}],"collection":[{"href":"https:\/\/vinovysokepole.sk\/index.php?rest_route=\/wp\/v2\/pages"}],"about":[{"href":"https:\/\/vinovysokepole.sk\/index.php?rest_route=\/wp\/v2\/types\/page"}],"author":[{"embeddable":true,"href":"https:\/\/vinovysokepole.sk\/index.php?rest_route=\/wp\/v2\/users\/1"}],"replies":[{"embeddable":true,"href":"https:\/\/vinovysokepole.sk\/index.php?rest_route=%2Fwp%2Fv2%2Fcomments&post=741"}],"version-history":[{"count":1,"href":"https:\/\/vinovysokepole.sk\/index.php?rest_route=\/wp\/v2\/pages\/741\/revisions"}],"predecessor-version":[{"id":1270,"href":"https:\/\/vinovysokepole.sk\/index.php?rest_route=\/wp\/v2\/pages\/741\/revisions\/1270"}],"wp:attachment":[{"href":"https:\/\/vinovysokepole.sk\/index.php?rest_route=%2Fwp%2Fv2%2Fmedia&parent=741"}],"curies":[{"name":"wp","href":"https:\/\/api.w.org\/{rel}","templated":true}]}}