{"id":1202,"date":"2026-02-16T18:11:02","date_gmt":"2026-02-16T17:11:02","guid":{"rendered":"https:\/\/vinovysokepole.sk\/?post_type=product&#038;p=1202"},"modified":"2026-04-29T16:40:03","modified_gmt":"2026-04-29T14:40:03","slug":"muskat-moravsky","status":"publish","type":"product","link":"https:\/\/vinovysokepole.sk\/?product=muskat-moravsky","title":{"rendered":"Mu\u0161k\u00e1t moravsk\u00fd"},"content":{"rendered":"<p>Mu\u0161k\u00e1t moravsk\u00fd je aromatick\u00e9 biele v\u00edno svetlo\u017eltej a\u017e jemne zlato\u017eltej farby s&nbsp;v\u00fdraznou mu\u0161k\u00e1tovou v\u00f4\u0148ou, v&nbsp;ktorej sa prel\u00ednaj\u00fa t\u00f3ny kvetov, citrusov a&nbsp;\u010derstv\u00e9ho hrozna, pri\u010dom v&nbsp;chuti p\u00f4sob\u00ed svie\u017eo, jemne korenisto a&nbsp;harmonicky s&nbsp;pr\u00edjemnou ovocnou dochu\u0165ou.<\/p>\n","protected":false},"excerpt":{"rendered":"<p>Mu\u0161k\u00e1t moravsk\u00fd je aromatick\u00e9 biele v\u00edno svetlo\u017eltej a\u017e jemne zlato\u017eltej farby s&nbsp;v\u00fdraznou mu\u0161k\u00e1tovou v\u00f4\u0148ou, v&nbsp;ktorej sa prel\u00ednaj\u00fa t\u00f3ny kvetov, citrusov a&nbsp;\u010derstv\u00e9ho hrozna, pri\u010dom v&nbsp;chuti p\u00f4sob\u00ed svie\u017eo, jemne korenisto a&nbsp;harmonicky s&nbsp;pr\u00edjemnou ovocnou dochu\u0165ou.<\/p>\n","protected":false},"featured_media":1434,"comment_status":"open","ping_status":"closed","template":"","meta":{"_et_pb_use_builder":"","_et_pb_old_content":"","_et_gb_content_width":""},"product_brand":[],"product_cat":[17],"product_tag":[],"class_list":{"0":"post-1202","1":"product","2":"type-product","3":"status-publish","4":"has-post-thumbnail","6":"product_cat-biele-vina","8":"first","9":"instock","10":"taxable","11":"shipping-taxable","12":"purchasable","13":"product-type-simple"},"_links":{"self":[{"href":"https:\/\/vinovysokepole.sk\/index.php?rest_route=\/wp\/v2\/product\/1202","targetHints":{"allow":["GET"]}}],"collection":[{"href":"https:\/\/vinovysokepole.sk\/index.php?rest_route=\/wp\/v2\/product"}],"about":[{"href":"https:\/\/vinovysokepole.sk\/index.php?rest_route=\/wp\/v2\/types\/product"}],"replies":[{"embeddable":true,"href":"https:\/\/vinovysokepole.sk\/index.php?rest_route=%2Fwp%2Fv2%2Fcomments&post=1202"}],"wp:featuredmedia":[{"embeddable":true,"href":"https:\/\/vinovysokepole.sk\/index.php?rest_route=\/wp\/v2\/media\/1434"}],"wp:attachment":[{"href":"https:\/\/vinovysokepole.sk\/index.php?rest_route=%2Fwp%2Fv2%2Fmedia&parent=1202"}],"wp:term":[{"taxonomy":"product_brand","embeddable":true,"href":"https:\/\/vinovysokepole.sk\/index.php?rest_route=%2Fwp%2Fv2%2Fproduct_brand&post=1202"},{"taxonomy":"product_cat","embeddable":true,"href":"https:\/\/vinovysokepole.sk\/index.php?rest_route=%2Fwp%2Fv2%2Fproduct_cat&post=1202"},{"taxonomy":"product_tag","embeddable":true,"href":"https:\/\/vinovysokepole.sk\/index.php?rest_route=%2Fwp%2Fv2%2Fproduct_tag&post=1202"}],"curies":[{"name":"wp","href":"https:\/\/api.w.org\/{rel}","templated":true}]}}