{"id":1214,"date":"2026-02-16T18:42:34","date_gmt":"2026-02-16T17:42:34","guid":{"rendered":"https:\/\/vinovysokepole.sk\/?post_type=product&#038;p=1214"},"modified":"2026-04-29T16:39:18","modified_gmt":"2026-04-29T14:39:18","slug":"palava-2025","status":"publish","type":"product","link":"https:\/\/vinovysokepole.sk\/?product=palava-2025","title":{"rendered":"P\u00e1lava"},"content":{"rendered":"<p>V\u00fdrazn\u00e9 aromatick\u00e9 biele v\u00edno zlato\u017eltej farby s&nbsp;intenz\u00edvnou v\u00f4\u0148ou ru\u017e\u00ed, tropick\u00e9ho ovocia a&nbsp;medu, v&nbsp;ktorej sa prel\u00ednaj\u00fa jemn\u00e9 korenist\u00e9 t\u00f3ny, pri\u010dom v&nbsp;chuti je pln\u00e9, extrakt\u00edvne, s&nbsp;vy\u0161\u0161\u00edm zvy\u0161kov\u00fdm cukrom a&nbsp;harmonickou kyselinkou, ktor\u00e1 mu dod\u00e1va svie\u017eos\u0165.<\/p>\n","protected":false},"excerpt":{"rendered":"<p>V\u00fdrazn\u00e9 aromatick\u00e9 biele v\u00edno zlato\u017eltej farby s&nbsp;intenz\u00edvnou v\u00f4\u0148ou ru\u017e\u00ed, tropick\u00e9ho ovocia a&nbsp;medu, v&nbsp;ktorej sa prel\u00ednaj\u00fa jemn\u00e9 korenist\u00e9 t\u00f3ny, pri\u010dom v&nbsp;chuti je pln\u00e9, extrakt\u00edvne, s&nbsp;vy\u0161\u0161\u00edm zvy\u0161kov\u00fdm cukrom a&nbsp;harmonickou kyselinkou, ktor\u00e1 mu dod\u00e1va svie\u017eos\u0165.<\/p>\n","protected":false},"featured_media":1433,"comment_status":"open","ping_status":"closed","template":"","meta":{"_et_pb_use_builder":"","_et_pb_old_content":"","_et_gb_content_width":""},"product_brand":[],"product_cat":[17],"product_tag":[],"class_list":{"0":"post-1214","1":"product","2":"type-product","3":"status-publish","4":"has-post-thumbnail","6":"product_cat-biele-vina","8":"first","9":"instock","10":"taxable","11":"shipping-taxable","12":"purchasable","13":"product-type-simple"},"_links":{"self":[{"href":"https:\/\/vinovysokepole.sk\/index.php?rest_route=\/wp\/v2\/product\/1214","targetHints":{"allow":["GET"]}}],"collection":[{"href":"https:\/\/vinovysokepole.sk\/index.php?rest_route=\/wp\/v2\/product"}],"about":[{"href":"https:\/\/vinovysokepole.sk\/index.php?rest_route=\/wp\/v2\/types\/product"}],"replies":[{"embeddable":true,"href":"https:\/\/vinovysokepole.sk\/index.php?rest_route=%2Fwp%2Fv2%2Fcomments&post=1214"}],"wp:featuredmedia":[{"embeddable":true,"href":"https:\/\/vinovysokepole.sk\/index.php?rest_route=\/wp\/v2\/media\/1433"}],"wp:attachment":[{"href":"https:\/\/vinovysokepole.sk\/index.php?rest_route=%2Fwp%2Fv2%2Fmedia&parent=1214"}],"wp:term":[{"taxonomy":"product_brand","embeddable":true,"href":"https:\/\/vinovysokepole.sk\/index.php?rest_route=%2Fwp%2Fv2%2Fproduct_brand&post=1214"},{"taxonomy":"product_cat","embeddable":true,"href":"https:\/\/vinovysokepole.sk\/index.php?rest_route=%2Fwp%2Fv2%2Fproduct_cat&post=1214"},{"taxonomy":"product_tag","embeddable":true,"href":"https:\/\/vinovysokepole.sk\/index.php?rest_route=%2Fwp%2Fv2%2Fproduct_tag&post=1214"}],"curies":[{"name":"wp","href":"https:\/\/api.w.org\/{rel}","templated":true}]}}