{"id":1236,"date":"2026-02-16T18:55:01","date_gmt":"2026-02-16T17:55:01","guid":{"rendered":"https:\/\/vinovysokepole.sk\/?post_type=product&#038;p=1236"},"modified":"2026-04-29T16:37:19","modified_gmt":"2026-04-29T14:37:19","slug":"chardonay-acacia","status":"publish","type":"product","link":"https:\/\/vinovysokepole.sk\/?product=chardonay-acacia","title":{"rendered":"Chardonay Acacia"},"content":{"rendered":"<p data-start=\"0\" data-end=\"205\">Chardonnay Acacia \u2013 v\u00edno, ktor\u00e9 zrelo v&nbsp;ak\u00e1ciovom sude a&nbsp;v\u010faka tomu z\u00edskalo jedine\u010dn\u00fd charakter. U\u017e jeho s\u00fdtej\u0161ia zlato\u017elt\u00e1 farba napoved\u00e1, \u017ee ide o&nbsp;pln\u0161ie a&nbsp;komplexnej\u0161ie v\u00edno.<\/p>\n<p data-start=\"207\" data-end=\"456\">Vo v\u00f4ni sa prel\u00ednaj\u00fa t\u00f3ny zrel\u00e9ho ovocia, vanilky a&nbsp;jemn\u00e9ho medov\u00e9ho n\u00e1dychu, ktor\u00fd je typick\u00fd pr\u00e1ve pre zrenie v&nbsp;ak\u00e1ciovom dreve. V&nbsp;chuti je v\u00edno kr\u00e9mov\u00e9, harmonick\u00e9, s&nbsp;pr\u00edjemnou kyselinkou a&nbsp;dlh\u00fdm, elegantn\u00fdm z\u00e1verom s&nbsp;jemne korenist\u00fdm podt\u00f3nom.<\/p>\n","protected":false},"excerpt":{"rendered":"<p>Chardonnay Acacia \u2013 v\u00edno, ktor\u00e9 zrelo v&nbsp;ak\u00e1ciovom sude a&nbsp;v\u010faka tomu z\u00edskalo jedine\u010dn\u00fd charakter. U\u017e jeho s\u00fdtej\u0161ia zlato\u017elt\u00e1 farba napoved\u00e1, \u017ee ide o&nbsp;pln\u0161ie a&nbsp;komplexnej\u0161ie v\u00edno. Vo v\u00f4ni sa prel\u00ednaj\u00fa t\u00f3ny zrel\u00e9ho ovocia, vanilky a&nbsp;jemn\u00e9ho medov\u00e9ho n\u00e1dychu, ktor\u00fd je typick\u00fd pr\u00e1ve pre zrenie v&nbsp;ak\u00e1ciovom dreve. V&nbsp;chuti je v\u00edno kr\u00e9mov\u00e9, harmonick\u00e9, s&nbsp;pr\u00edjemnou kyselinkou a&nbsp;dlh\u00fdm, elegantn\u00fdm z\u00e1verom s&nbsp;jemne korenist\u00fdm [&hellip;]<\/p>\n","protected":false},"featured_media":1432,"comment_status":"open","ping_status":"closed","template":"","meta":{"_et_pb_use_builder":"","_et_pb_old_content":"","_et_gb_content_width":""},"product_brand":[],"product_cat":[17],"product_tag":[],"class_list":{"0":"post-1236","1":"product","2":"type-product","3":"status-publish","4":"has-post-thumbnail","6":"product_cat-biele-vina","8":"first","9":"instock","10":"taxable","11":"shipping-taxable","12":"purchasable","13":"product-type-simple"},"_links":{"self":[{"href":"https:\/\/vinovysokepole.sk\/index.php?rest_route=\/wp\/v2\/product\/1236","targetHints":{"allow":["GET"]}}],"collection":[{"href":"https:\/\/vinovysokepole.sk\/index.php?rest_route=\/wp\/v2\/product"}],"about":[{"href":"https:\/\/vinovysokepole.sk\/index.php?rest_route=\/wp\/v2\/types\/product"}],"replies":[{"embeddable":true,"href":"https:\/\/vinovysokepole.sk\/index.php?rest_route=%2Fwp%2Fv2%2Fcomments&post=1236"}],"wp:featuredmedia":[{"embeddable":true,"href":"https:\/\/vinovysokepole.sk\/index.php?rest_route=\/wp\/v2\/media\/1432"}],"wp:attachment":[{"href":"https:\/\/vinovysokepole.sk\/index.php?rest_route=%2Fwp%2Fv2%2Fmedia&parent=1236"}],"wp:term":[{"taxonomy":"product_brand","embeddable":true,"href":"https:\/\/vinovysokepole.sk\/index.php?rest_route=%2Fwp%2Fv2%2Fproduct_brand&post=1236"},{"taxonomy":"product_cat","embeddable":true,"href":"https:\/\/vinovysokepole.sk\/index.php?rest_route=%2Fwp%2Fv2%2Fproduct_cat&post=1236"},{"taxonomy":"product_tag","embeddable":true,"href":"https:\/\/vinovysokepole.sk\/index.php?rest_route=%2Fwp%2Fv2%2Fproduct_tag&post=1236"}],"curies":[{"name":"wp","href":"https:\/\/api.w.org\/{rel}","templated":true}]}}