{"id":135,"date":"2020-10-13T18:49:49","date_gmt":"2020-10-13T16:49:49","guid":{"rendered":"https:\/\/vinovysokepole.sk?post_type=product&#038;p=135"},"modified":"2026-04-29T16:48:05","modified_gmt":"2026-04-29T14:48:05","slug":"frankovka-frizzante-2019-2","status":"publish","type":"product","link":"https:\/\/vinovysokepole.sk\/?product=frankovka-frizzante-2019-2","title":{"rendered":"Frankovka Modr\u00e1 Frizzante"},"content":{"rendered":"<ul>\n<li>Objem: 750ml<\/li>\n<li>Ro\u010dn\u00edk 2024<\/li>\n<li>Zvy\u0161kov\u00fd cukor: polosuch\u00e9<\/li>\n<li>Vinohradn\u00edcka oblas\u0165, raj\u00f3n, obec: Malokarpatsk\u00e1, Skalick\u00fd, Skalica<\/li>\n<li>Hon: Vysok\u00e9 Pole<\/li>\n<li>Cukornatos\u0165 pri zbere: 18 \u00b0NM<\/li>\n<li>Obsah alkoholu: 11%<\/li>\n<li>Obsah kysel\u00edn: 7,5 g\/l<\/li>\n<li>Obsah zvy\u0161kov\u00e9ho cukru: 10 g\/l<\/li>\n<li>Teplota pod\u00e1vania: 4-6&nbsp;\u00b0C<\/li>\n<li>Zrec\u00ed potenci\u00e1l: 2 roky<\/li>\n<\/ul>\n<p>&nbsp;<\/p>\n","protected":false},"excerpt":{"rendered":"<p>Vhodn\u00e9 ako pr\u00edpitok \u010di&nbsp;welcome drink. Svetle malinovo ru\u017eov\u00e1 farba. Elegantn\u00e1 v\u00f4\u0148a \u010derven\u00e9ho ovocia, \u0161\u0165avnat\u00e1 ovocn\u00e1 chu\u0165 s&nbsp;jemn\u00fdm perlen\u00edm.<\/p>\n","protected":false},"featured_media":1440,"comment_status":"open","ping_status":"closed","template":"","meta":{"_et_pb_use_builder":"","_et_pb_old_content":"","_et_gb_content_width":""},"product_brand":[],"product_cat":[44,32],"product_tag":[],"class_list":{"0":"post-135","1":"product","2":"type-product","3":"status-publish","4":"has-post-thumbnail","6":"product_cat-perlive-vina","7":"product_cat-ruzove-vina","9":"first","10":"instock","11":"taxable","12":"shipping-taxable","13":"purchasable","14":"product-type-simple"},"_links":{"self":[{"href":"https:\/\/vinovysokepole.sk\/index.php?rest_route=\/wp\/v2\/product\/135","targetHints":{"allow":["GET"]}}],"collection":[{"href":"https:\/\/vinovysokepole.sk\/index.php?rest_route=\/wp\/v2\/product"}],"about":[{"href":"https:\/\/vinovysokepole.sk\/index.php?rest_route=\/wp\/v2\/types\/product"}],"replies":[{"embeddable":true,"href":"https:\/\/vinovysokepole.sk\/index.php?rest_route=%2Fwp%2Fv2%2Fcomments&post=135"}],"wp:featuredmedia":[{"embeddable":true,"href":"https:\/\/vinovysokepole.sk\/index.php?rest_route=\/wp\/v2\/media\/1440"}],"wp:attachment":[{"href":"https:\/\/vinovysokepole.sk\/index.php?rest_route=%2Fwp%2Fv2%2Fmedia&parent=135"}],"wp:term":[{"taxonomy":"product_brand","embeddable":true,"href":"https:\/\/vinovysokepole.sk\/index.php?rest_route=%2Fwp%2Fv2%2Fproduct_brand&post=135"},{"taxonomy":"product_cat","embeddable":true,"href":"https:\/\/vinovysokepole.sk\/index.php?rest_route=%2Fwp%2Fv2%2Fproduct_cat&post=135"},{"taxonomy":"product_tag","embeddable":true,"href":"https:\/\/vinovysokepole.sk\/index.php?rest_route=%2Fwp%2Fv2%2Fproduct_tag&post=135"}],"curies":[{"name":"wp","href":"https:\/\/api.w.org\/{rel}","templated":true}]}}