{"id":615,"date":"2020-10-29T13:30:42","date_gmt":"2020-10-29T12:30:42","guid":{"rendered":"https:\/\/vinovysokepole.sk?post_type=product&#038;p=615"},"modified":"2026-04-29T16:45:43","modified_gmt":"2026-04-29T14:45:43","slug":"chardonnay-2","status":"publish","type":"product","link":"https:\/\/vinovysokepole.sk\/?product=chardonnay-2","title":{"rendered":"Chardonnay OAK"},"content":{"rendered":"<ul>\n<li>Objem: 750ml<\/li>\n<li>N\u00e1zov v\u00edna: Chardonnay<\/li>\n<li>Odroda: Chardonnay<\/li>\n<li>Pr\u00edvlastok: neskor\u00fd zber<\/li>\n<li>Charakteristika (zvy\u0161kov\u00fd cukor): such\u00e9<\/li>\n<li>Vinohradn\u00edcka oblas\u0165, raj\u00f3n, obec: Malokarpatsk\u00e1, Skalick\u00fd, Skalica<\/li>\n<li>Hon: Vysok\u00e9 Pole<\/li>\n<li>Cukornatos\u0165 pri zbere: 22,5\u00b0NM<\/li>\n<li>Obsah alkoholu:13,6%<\/li>\n<li>Obsah kysel\u00edn: 5,9 g\/l<\/li>\n<li>Obsah zvy\u0161kov\u00e9ho cukru: 1,4 g\/l<\/li>\n<li>Teplota skladovania: 10-15&nbsp;\u00b0C<\/li>\n<li>Teplota pod\u00e1vania: 10-13\u00b0C<\/li>\n<li>Zrec\u00ed potenci\u00e1l: 4 roky<\/li>\n<li>Limitovan\u00fd po\u010det flia\u0161: 1000 ks<\/li>\n<\/ul>\n<p>&nbsp;<\/p>\n","protected":false},"excerpt":{"rendered":"<p>V\u00edno bolo vyroben\u00e9 met\u00f3dou sur-lie, kedy po&nbsp;dobu 5 mesiacov v\u00edno dozrievalo a&nbsp;bolo mie\u0161an\u00e9 na svojich vlastn\u00fdch kvasni\u010dn\u00fdch kaloch. V\u010faka tejto proced\u00fare v\u00edno z\u00edska viacej extrakt\u00edvnych l\u00e1tok ako s\u00fa napr\u00edklad manoprote\u00edny a&nbsp;polysacharidy.K mohutnosti a&nbsp;komplexnosti hohto v\u00edna prispelo aj \u010diasto\u010dn\u00e9 vyzrievanie v&nbsp;novom dubovom sude.<br \/>\nFarba, v\u00f4\u0148a, chu\u0165: Intenz\u00edvna zlato\u017elt\u00e1 farba. Jemn\u00e1 kr\u00e9mov\u00e1 v\u00f4\u0148a vanilkov\u00e9ho pe\u010diva s&nbsp;ovocnou marmel\u00e1dou doplnenou t\u00f3nmi pra\u017een\u00fdch mandli\u010diek s&nbsp;karamelom. Chu\u0165 je ve\u013emi dobre vyv\u00e1\u017een\u00e1 v\u010faka vysok\u00e9mu extraktu prajavuj\u00faceho sa ako sladkos\u0165 s&nbsp;pikantnos\u0165ou jemnej kyselinky.<br \/>\nPr\u00edvlastok, ktor\u00fd v\u00edno vystihuje: vyv\u00e1\u017een\u00e1<\/p>\n","protected":false},"featured_media":1438,"comment_status":"open","ping_status":"closed","template":"","meta":{"_et_pb_use_builder":"","_et_pb_old_content":"","_et_gb_content_width":""},"product_brand":[],"product_cat":[17],"product_tag":[],"class_list":{"0":"post-615","1":"product","2":"type-product","3":"status-publish","4":"has-post-thumbnail","6":"product_cat-biele-vina","8":"first","9":"instock","10":"taxable","11":"shipping-taxable","12":"purchasable","13":"product-type-simple"},"_links":{"self":[{"href":"https:\/\/vinovysokepole.sk\/index.php?rest_route=\/wp\/v2\/product\/615","targetHints":{"allow":["GET"]}}],"collection":[{"href":"https:\/\/vinovysokepole.sk\/index.php?rest_route=\/wp\/v2\/product"}],"about":[{"href":"https:\/\/vinovysokepole.sk\/index.php?rest_route=\/wp\/v2\/types\/product"}],"replies":[{"embeddable":true,"href":"https:\/\/vinovysokepole.sk\/index.php?rest_route=%2Fwp%2Fv2%2Fcomments&post=615"}],"wp:featuredmedia":[{"embeddable":true,"href":"https:\/\/vinovysokepole.sk\/index.php?rest_route=\/wp\/v2\/media\/1438"}],"wp:attachment":[{"href":"https:\/\/vinovysokepole.sk\/index.php?rest_route=%2Fwp%2Fv2%2Fmedia&parent=615"}],"wp:term":[{"taxonomy":"product_brand","embeddable":true,"href":"https:\/\/vinovysokepole.sk\/index.php?rest_route=%2Fwp%2Fv2%2Fproduct_brand&post=615"},{"taxonomy":"product_cat","embeddable":true,"href":"https:\/\/vinovysokepole.sk\/index.php?rest_route=%2Fwp%2Fv2%2Fproduct_cat&post=615"},{"taxonomy":"product_tag","embeddable":true,"href":"https:\/\/vinovysokepole.sk\/index.php?rest_route=%2Fwp%2Fv2%2Fproduct_tag&post=615"}],"curies":[{"name":"wp","href":"https:\/\/api.w.org\/{rel}","templated":true}]}}