{"id":709,"date":"2020-10-29T15:19:37","date_gmt":"2020-10-29T14:19:37","guid":{"rendered":"https:\/\/vinovysokepole.sk\/product\/skalicke-ruzove\/"},"modified":"2026-04-29T16:44:52","modified_gmt":"2026-04-29T14:44:52","slug":"skalicke-ruzove","status":"publish","type":"product","link":"https:\/\/vinovysokepole.sk\/?product=skalicke-ruzove","title":{"rendered":"Skalick\u00e9 r\u00fa\u017eov\u00e9"},"content":{"rendered":"<p>[et_pb_section fb_built=&#8220;1&#8243; theme_builder_area=&#8220;post_content&#8220; _builder_version=&#8220;4.27.6&#8243; _module_preset=&#8220;default&#8220;][\/et_pb_section]<\/p>\n","protected":false},"excerpt":{"rendered":"<p>Pestovanie modr\u00fdch odr\u00f4d Frankovka, Sv\u00e4tovavrineck\u00e9 a&nbsp;Modr\u00fd Portugal m\u00e1 v&nbsp;Skalici dlh\u00fa trad\u00edciu a&nbsp;je z\u00e1kladom zn\u00e1meho v\u00edna Skalick\u00fd rub\u00edn. Preto sme sa rozhodli rovnak\u00e9 odrody pou\u017ei\u0165 aj na v\u00fdrobu tohto ros\u00e9. Sedemdesiat rokov star\u00fd vinohrad a&nbsp;\u0161etrn\u00e1 spracovanie v&nbsp;tradi\u010dnej skalickej b\u00fade, ktor\u00e1 sa nach\u00e1dza priamo vo vinohrade na Vysokom poli s\u00fa z\u00e1rukou svie\u017eeho, ovocn\u00e9ho ale aj \u0161trukt\u00farovan\u00e9ho a&nbsp;pln\u00e9ho ros\u00e9.<br \/>\nFarba, v\u00f4\u0148a, chu\u0165: Malinovo ru\u017eov\u00e1 farba, jemn\u00e1 ale bohat\u00e1 v\u00f4\u0148a \u010derstv\u00e9ho k\u00f4stkov\u00e9ho ovocia podporen\u00e1 pr\u00edjemnou mineralitou. Chu\u0165 je pln\u00e1, such\u00e1 s&nbsp;ovocn\u00fdmi t\u00f3nmi pevne polo\u017een\u00fdmi vo v\u00fdraznom tele v\u00edna.<\/p>\n","protected":false},"featured_media":1437,"comment_status":"open","ping_status":"closed","template":"","meta":{"_et_pb_use_builder":"on","_et_pb_old_content":"","_et_gb_content_width":""},"product_brand":[],"product_cat":[37],"product_tag":[],"class_list":{"0":"post-709","1":"product","2":"type-product","3":"status-publish","4":"has-post-thumbnail","6":"product_cat-rose-wines","8":"first","9":"instock","10":"taxable","11":"shipping-taxable","12":"purchasable","13":"product-type-simple"},"_links":{"self":[{"href":"https:\/\/vinovysokepole.sk\/index.php?rest_route=\/wp\/v2\/product\/709","targetHints":{"allow":["GET"]}}],"collection":[{"href":"https:\/\/vinovysokepole.sk\/index.php?rest_route=\/wp\/v2\/product"}],"about":[{"href":"https:\/\/vinovysokepole.sk\/index.php?rest_route=\/wp\/v2\/types\/product"}],"replies":[{"embeddable":true,"href":"https:\/\/vinovysokepole.sk\/index.php?rest_route=%2Fwp%2Fv2%2Fcomments&post=709"}],"wp:featuredmedia":[{"embeddable":true,"href":"https:\/\/vinovysokepole.sk\/index.php?rest_route=\/wp\/v2\/media\/1437"}],"wp:attachment":[{"href":"https:\/\/vinovysokepole.sk\/index.php?rest_route=%2Fwp%2Fv2%2Fmedia&parent=709"}],"wp:term":[{"taxonomy":"product_brand","embeddable":true,"href":"https:\/\/vinovysokepole.sk\/index.php?rest_route=%2Fwp%2Fv2%2Fproduct_brand&post=709"},{"taxonomy":"product_cat","embeddable":true,"href":"https:\/\/vinovysokepole.sk\/index.php?rest_route=%2Fwp%2Fv2%2Fproduct_cat&post=709"},{"taxonomy":"product_tag","embeddable":true,"href":"https:\/\/vinovysokepole.sk\/index.php?rest_route=%2Fwp%2Fv2%2Fproduct_tag&post=709"}],"curies":[{"name":"wp","href":"https:\/\/api.w.org\/{rel}","templated":true}]}}