{"id":715,"date":"2020-10-29T13:03:03","date_gmt":"2020-10-29T12:03:03","guid":{"rendered":"https:\/\/vinovysokepole.sk\/product\/devin\/"},"modified":"2026-04-29T16:30:57","modified_gmt":"2026-04-29T14:30:57","slug":"devin","status":"publish","type":"product","link":"https:\/\/vinovysokepole.sk\/?product=devin","title":{"rendered":"Dev\u00edn"},"content":{"rendered":"<ul>\n<li>Objem: 750 ml<\/li>\n<li>N\u00e1zov v\u00edna: Dev\u00edn<\/li>\n<li>Odroda: Dev\u00edn<\/li>\n<li>Pr\u00edvlastok: bez<\/li>\n<li>Charakteristika (zvy\u0161kov\u00fd cukor): polosladk\u00e9<\/li>\n<li>Ro\u010dn\u00edk: 2019<\/li>\n<li>Vinohradn\u00edcka oblas\u0165, raj\u00f3n, obec: Malokarpatsk\u00e1, Skalick\u00fd, Skalica<\/li>\n<li>Hon: Vysok\u00e9 Pole<\/li>\n<li>Cukornatos\u0165 pri zbere: 24\u00b0NM<\/li>\n<li>Obsah alkoholu:12,8&nbsp;%<\/li>\n<li>Obsah kysel\u00edn:6,2 g\/l<\/li>\n<li>Obsah zvy\u0161kov\u00e9ho cukru: 22,5 g\/l<\/li>\n<li>Teplota skladovania:15&nbsp;\u00b0C<\/li>\n<li>Teplota pod\u00e1vania:9-12&nbsp;\u00b0C<\/li>\n<li>Zrec\u00ed potenci\u00e1l: 2 roky<\/li>\n<li>Limitovan\u00fd po\u010det flia\u0161: 500<\/li>\n<\/ul>\n","protected":false},"excerpt":{"rendered":"<p>Hrozno poch\u00e1dza z&nbsp;prvej vinice ktor\u00fa sme vlastnoru\u010dne vysadili na vysokom poli v&nbsp;roku 2005, vtedy Dev\u00edn bol e\u0161te novinkou na trhu, dnes patr\u00ed u\u017e k&nbsp;vyh\u013ead\u00e1van\u00fdm v\u00ednam pre svoj nenapodobite\u013en\u00fd charakter.<br \/>\nFarba, v\u00f4\u0148a, chu\u0165: Slamovo\u017elt\u00e1 farba, intenz\u00edvna v\u00f4\u0148a z\u00e1hradn\u00fdch kvetov a&nbsp;zrel\u00e9ho ovocia. Chu\u0165 je v\u00fdrazne aromatick\u00e1 so svie\u017eou kyselinkou zabalenou v&nbsp;sladkom ovocnom charakteri.<\/p>\n","protected":false},"featured_media":1431,"comment_status":"open","ping_status":"closed","template":"","meta":{"_et_pb_use_builder":"","_et_pb_old_content":"","_et_gb_content_width":""},"product_brand":[],"product_cat":[38],"product_tag":[],"class_list":{"0":"post-715","1":"product","2":"type-product","3":"status-publish","4":"has-post-thumbnail","6":"product_cat-white-wines","8":"first","9":"instock","10":"taxable","11":"shipping-taxable","12":"purchasable","13":"product-type-simple"},"_links":{"self":[{"href":"https:\/\/vinovysokepole.sk\/index.php?rest_route=\/wp\/v2\/product\/715","targetHints":{"allow":["GET"]}}],"collection":[{"href":"https:\/\/vinovysokepole.sk\/index.php?rest_route=\/wp\/v2\/product"}],"about":[{"href":"https:\/\/vinovysokepole.sk\/index.php?rest_route=\/wp\/v2\/types\/product"}],"replies":[{"embeddable":true,"href":"https:\/\/vinovysokepole.sk\/index.php?rest_route=%2Fwp%2Fv2%2Fcomments&post=715"}],"wp:featuredmedia":[{"embeddable":true,"href":"https:\/\/vinovysokepole.sk\/index.php?rest_route=\/wp\/v2\/media\/1431"}],"wp:attachment":[{"href":"https:\/\/vinovysokepole.sk\/index.php?rest_route=%2Fwp%2Fv2%2Fmedia&parent=715"}],"wp:term":[{"taxonomy":"product_brand","embeddable":true,"href":"https:\/\/vinovysokepole.sk\/index.php?rest_route=%2Fwp%2Fv2%2Fproduct_brand&post=715"},{"taxonomy":"product_cat","embeddable":true,"href":"https:\/\/vinovysokepole.sk\/index.php?rest_route=%2Fwp%2Fv2%2Fproduct_cat&post=715"},{"taxonomy":"product_tag","embeddable":true,"href":"https:\/\/vinovysokepole.sk\/index.php?rest_route=%2Fwp%2Fv2%2Fproduct_tag&post=715"}],"curies":[{"name":"wp","href":"https:\/\/api.w.org\/{rel}","templated":true}]}}