{"id":719,"date":"2020-10-13T18:44:19","date_gmt":"2020-10-13T16:44:19","guid":{"rendered":"https:\/\/vinovysokepole.sk\/product\/frankovka-modra-rose\/"},"modified":"2026-04-29T16:49:20","modified_gmt":"2026-04-29T14:49:20","slug":"frankovka-modra-rose-2","status":"publish","type":"product","link":"https:\/\/vinovysokepole.sk\/?product=frankovka-modra-rose-2","title":{"rendered":"Frankovka modr\u00e1 ros\u00e9"},"content":{"rendered":"<p>\u2022 Zvy\u0161kov\u00fd cukor: polosladk\u00e9<br \/>\n\u2022 Vinohradn\u00edcka oblas\u0165, raj\u00f3n, obec: Malokarpatsk\u00e1, Skalick\u00fd, Skalica<br \/>\n\u2022 Hon: Vysok\u00e9 Pole<br \/>\n\u2022 Cukornatos\u0165 pri zbere: 23\u00b0NM<br \/>\n\u2022 Obsah alkoholu: 12,3&nbsp;%<br \/>\n\u2022 Obsah kysel\u00edn: 6,4 g\/l<br \/>\n\u2022 Obsah zvy\u0161kov\u00e9ho cukru: 34 g\/l<br \/>\n\u2022 Teplota pod\u00e1vania: 7-12\u00b0C<br \/>\n\u2022 Zrec\u00ed potenci\u00e1l: 3+ roky<\/p>\n","protected":false},"excerpt":{"rendered":"<p>\u2022 Zvy\u0161kov\u00fd cukor: polosladk\u00e9 \u2022 Vinohradn\u00edcka oblas\u0165, raj\u00f3n, obec: Malokarpatsk\u00e1, Skalick\u00fd, Skalica \u2022 Hon: Vysok\u00e9 Pole \u2022 Cukornatos\u0165 pri zbere: 23\u00b0NM \u2022 Obsah alkoholu: 12,3&nbsp;% \u2022 Obsah kysel\u00edn: 6,4 g\/l \u2022 Obsah zvy\u0161kov\u00e9ho cukru: 34 g\/l \u2022 Teplota pod\u00e1vania: 7-12\u00b0C \u2022 Zrec\u00ed potenci\u00e1l: 3+ roky<\/p>\n","protected":false},"featured_media":1441,"comment_status":"open","ping_status":"closed","template":"","meta":{"_et_pb_use_builder":"","_et_pb_old_content":"","_et_gb_content_width":""},"product_brand":[],"product_cat":[37],"product_tag":[],"class_list":{"0":"post-719","1":"product","2":"type-product","3":"status-publish","4":"has-post-thumbnail","6":"product_cat-rose-wines","8":"first","9":"instock","10":"taxable","11":"shipping-taxable","12":"purchasable","13":"product-type-simple"},"_links":{"self":[{"href":"https:\/\/vinovysokepole.sk\/index.php?rest_route=\/wp\/v2\/product\/719","targetHints":{"allow":["GET"]}}],"collection":[{"href":"https:\/\/vinovysokepole.sk\/index.php?rest_route=\/wp\/v2\/product"}],"about":[{"href":"https:\/\/vinovysokepole.sk\/index.php?rest_route=\/wp\/v2\/types\/product"}],"replies":[{"embeddable":true,"href":"https:\/\/vinovysokepole.sk\/index.php?rest_route=%2Fwp%2Fv2%2Fcomments&post=719"}],"wp:featuredmedia":[{"embeddable":true,"href":"https:\/\/vinovysokepole.sk\/index.php?rest_route=\/wp\/v2\/media\/1441"}],"wp:attachment":[{"href":"https:\/\/vinovysokepole.sk\/index.php?rest_route=%2Fwp%2Fv2%2Fmedia&parent=719"}],"wp:term":[{"taxonomy":"product_brand","embeddable":true,"href":"https:\/\/vinovysokepole.sk\/index.php?rest_route=%2Fwp%2Fv2%2Fproduct_brand&post=719"},{"taxonomy":"product_cat","embeddable":true,"href":"https:\/\/vinovysokepole.sk\/index.php?rest_route=%2Fwp%2Fv2%2Fproduct_cat&post=719"},{"taxonomy":"product_tag","embeddable":true,"href":"https:\/\/vinovysokepole.sk\/index.php?rest_route=%2Fwp%2Fv2%2Fproduct_tag&post=719"}],"curies":[{"name":"wp","href":"https:\/\/api.w.org\/{rel}","templated":true}]}}