{"id":800,"date":"2020-11-04T14:22:53","date_gmt":"2020-11-04T13:22:53","guid":{"rendered":"https:\/\/vinovysokepole.sk\/product\/100-hroznova-stava\/"},"modified":"2026-04-29T16:41:52","modified_gmt":"2026-04-29T14:41:52","slug":"100-hroznova-stava","status":"publish","type":"product","link":"https:\/\/vinovysokepole.sk\/?product=100-hroznova-stava","title":{"rendered":"100% Hroznov\u00e1 \u0161\u0165ava"},"content":{"rendered":"<p>[et_pb_section fb_built=&#8220;1&#8243; theme_builder_area=&#8220;post_content&#8220; _builder_version=&#8220;4.27.6&#8243; _module_preset=&#8220;default&#8220;][\/et_pb_section]<\/p>\n","protected":false},"excerpt":{"rendered":"","protected":false},"featured_media":1436,"comment_status":"open","ping_status":"closed","template":"","meta":{"_et_pb_use_builder":"on","_et_pb_old_content":"","_et_gb_content_width":""},"product_brand":[],"product_cat":[35],"product_tag":[],"class_list":{"0":"post-800","1":"product","2":"type-product","3":"status-publish","4":"has-post-thumbnail","6":"product_cat-alcohol-free","8":"first","9":"instock","10":"taxable","11":"shipping-taxable","12":"purchasable","13":"product-type-simple"},"_links":{"self":[{"href":"https:\/\/vinovysokepole.sk\/index.php?rest_route=\/wp\/v2\/product\/800","targetHints":{"allow":["GET"]}}],"collection":[{"href":"https:\/\/vinovysokepole.sk\/index.php?rest_route=\/wp\/v2\/product"}],"about":[{"href":"https:\/\/vinovysokepole.sk\/index.php?rest_route=\/wp\/v2\/types\/product"}],"replies":[{"embeddable":true,"href":"https:\/\/vinovysokepole.sk\/index.php?rest_route=%2Fwp%2Fv2%2Fcomments&post=800"}],"wp:featuredmedia":[{"embeddable":true,"href":"https:\/\/vinovysokepole.sk\/index.php?rest_route=\/wp\/v2\/media\/1436"}],"wp:attachment":[{"href":"https:\/\/vinovysokepole.sk\/index.php?rest_route=%2Fwp%2Fv2%2Fmedia&parent=800"}],"wp:term":[{"taxonomy":"product_brand","embeddable":true,"href":"https:\/\/vinovysokepole.sk\/index.php?rest_route=%2Fwp%2Fv2%2Fproduct_brand&post=800"},{"taxonomy":"product_cat","embeddable":true,"href":"https:\/\/vinovysokepole.sk\/index.php?rest_route=%2Fwp%2Fv2%2Fproduct_cat&post=800"},{"taxonomy":"product_tag","embeddable":true,"href":"https:\/\/vinovysokepole.sk\/index.php?rest_route=%2Fwp%2Fv2%2Fproduct_tag&post=800"}],"curies":[{"name":"wp","href":"https:\/\/api.w.org\/{rel}","templated":true}]}}